{"id":26781,"date":"2024-02-27T09:21:55","date_gmt":"2024-02-27T08:21:55","guid":{"rendered":"https:\/\/expoaffair.de\/employees\/documents\/"},"modified":"2024-07-24T21:11:06","modified_gmt":"2024-07-24T19:11:06","slug":"documents","status":"publish","type":"page","link":"https:\/\/expoaffair.de\/en\/employees\/documents\/","title":{"rendered":"Documents"},"content":{"rendered":"\t\t<div data-elementor-type=\"wp-page\" data-elementor-id=\"26781\" class=\"elementor elementor-26781 elementor-1664\" data-elementor-post-type=\"page\">\n\t\t\t\t<div class=\"elementor-element elementor-element-6720477 e-flex e-con-boxed e-con e-parent\" data-id=\"6720477\" data-element_type=\"container\" data-settings=\"{&quot;background_background&quot;:&quot;classic&quot;}\">\n\t\t\t\t\t<div class=\"e-con-inner\">\n\t\t\t\t<div class=\"elementor-element elementor-element-d748eb1 elementor-widget elementor-widget-shortcode\" data-id=\"d748eb1\" data-element_type=\"widget\" data-widget_type=\"shortcode.default\">\n\t\t\t\t<div class=\"elementor-widget-container\">\n\t\t\t\t\t\t\t<div class=\"elementor-shortcode\"><div id=\"quform-a5ba9a\" class=\"quform quform-5 quform-theme-simple quform-support-page-caching\"><form id=\"quform-form-a5ba9a\" class=\"quform-form quform-form-5\" action=\"\/en\/wp-json\/wp\/v2\/pages\/26781#quform-a5ba9a\" method=\"post\" enctype=\"multipart\/form-data\" novalidate=\"novalidate\" data-options=\"{&quot;id&quot;:5,&quot;uniqueId&quot;:&quot;a5ba9a&quot;,&quot;theme&quot;:&quot;simple&quot;,&quot;ajax&quot;:true,&quot;logic&quot;:{&quot;logic&quot;:[],&quot;dependents&quot;:[],&quot;elementIds&quot;:[],&quot;dependentElementIds&quot;:[],&quot;animate&quot;:true},&quot;currentPageId&quot;:1,&quot;errorsIcon&quot;:&quot;&quot;,&quot;updateFancybox&quot;:true,&quot;hasPages&quot;:false,&quot;pages&quot;:[1],&quot;pageProgressType&quot;:&quot;numbers&quot;,&quot;tooltipsEnabled&quot;:true,&quot;tooltipClasses&quot;:&quot;qtip-quform-dark qtip-shadow&quot;,&quot;tooltipMy&quot;:&quot;left center&quot;,&quot;tooltipAt&quot;:&quot;right center&quot;,&quot;isRtl&quot;:false,&quot;scrollOffset&quot;:-50,&quot;scrollSpeed&quot;:800}\"><button class=\"quform-default-submit\" name=\"quform_submit\" type=\"submit\" value=\"submit\" aria-hidden=\"true\" tabindex=\"-1\"><\/button><div class=\"quform-form-inner quform-form-inner-5\"><input type=\"hidden\" name=\"quform_form_id\" value=\"5\" \/><input type=\"hidden\" name=\"quform_form_uid\" value=\"a5ba9a\" \/><input type=\"hidden\" name=\"quform_count\" value=\"1\" \/><input type=\"hidden\" name=\"form_url\" value=\"https:\/\/expoaffair.de\/en\/wp-json\/wp\/v2\/pages\/26781\" \/><input type=\"hidden\" name=\"referring_url\" value=\"\" \/><input type=\"hidden\" name=\"post_id\" value=\"\" \/><input type=\"hidden\" name=\"post_title\" value=\"\" \/><input type=\"hidden\" name=\"quform_current_page_id\" value=\"1\" \/><input type=\"hidden\" name=\"quform_csrf_token\" value=\"JmvxeSmYjMsCMFJiit3C2aZg9VIJpGa5PvCpWIVw\" \/><div class=\"quform-elements quform-elements-5 quform-cf quform-responsive-elements-phone-landscape\"><div class=\"quform-element quform-element-page quform-page-1 quform-page-5_1 quform-cf quform-group-style-plain quform-first-page quform-last-page quform-current-page\"><div class=\"quform-child-elements\"><div class=\"quform-element quform-element-group quform-element-5_8 quform-cf quform-group-style-plain\"><div class=\"quform-spacer\"><div class=\"quform-child-elements\"><div class=\"quform-element quform-element-row quform-element-row-5_9 quform-2-columns quform-element-row-size-fixed quform-responsive-columns-phone-landscape\"><div class=\"quform-element quform-element-column quform-element-5_10\"><div class=\"quform-element quform-element-name quform-element-5_12 quform-cf quform-element-optional\"><div class=\"quform-spacer\"><div class=\"quform-label quform-label-5_12\"><label class=\"quform-label-text\" id=\"quform_5_12_a5ba9a_label\">Name<\/label><\/div><div class=\"quform-inner quform-inner-name quform-inner-5_12\"><div class=\"quform-input quform-input-name quform-input-5_12 quform-cf\"><div class=\"quform-element-row quform-2-columns quform-element-row-size-fixed quform-responsive-columns-phone-landscape\"><div class=\"quform-element-column\"><div class=\"quform-element quform-element-text quform-element-5_12_2 quform-cf quform-element-optional\"><div class=\"quform-spacer\"><div class=\"quform-inner quform-inner-text quform-inner-5_12_2\"><div class=\"quform-input quform-input-text quform-input-5_12_2 quform-cf\"><input type=\"text\" id=\"quform_5_12_2_a5ba9a\" name=\"quform_5_12[2]\" class=\"quform-field quform-field-text quform-field-5_12_2\" aria-labelledby=\"quform_5_12_a5ba9a_label\" \/><\/div><\/div><\/div><\/div><\/div><div class=\"quform-element-column\"><div class=\"quform-element quform-element-text quform-element-5_12_4 quform-cf quform-element-optional\"><div class=\"quform-spacer\"><div class=\"quform-inner quform-inner-text quform-inner-5_12_4\"><div class=\"quform-input quform-input-text quform-input-5_12_4 quform-cf\"><input type=\"text\" id=\"quform_5_12_4_a5ba9a\" name=\"quform_5_12[4]\" class=\"quform-field quform-field-text quform-field-5_12_4\" aria-labelledby=\"quform_5_12_a5ba9a_label\" \/><\/div><\/div><\/div><\/div><\/div><\/div><\/div><\/div><\/div><\/div><div class=\"quform-element quform-element-date quform-element-5_41 quform-cf quform-element-required\"><div class=\"quform-spacer\"><div class=\"quform-label quform-label-5_41\"><label class=\"quform-label-text\" for=\"quform_5_41_a5ba9a\">Date<span class=\"quform-required\">*<\/span><\/label><\/div><div class=\"quform-inner quform-inner-date quform-inner-5_41\"><div class=\"quform-input quform-input-date quform-input-5_41 quform-cf quform-has-field-icon-right\"><input type=\"text\" id=\"quform_5_41_a5ba9a\" name=\"quform_5_41\" class=\"quform-field quform-field-date quform-field-5_41\" placeholder=\"YYYY-MM-DD\" data-options=\"{&quot;format&quot;:&quot;&quot;,&quot;min&quot;:&quot;&quot;,&quot;max&quot;:&quot;&quot;,&quot;start&quot;:&quot;month&quot;,&quot;depth&quot;:&quot;month&quot;,&quot;showFooter&quot;:false,&quot;locale&quot;:&quot;en-US&quot;,&quot;placeholder&quot;:&quot;&quot;,&quot;autoOpen&quot;:true,&quot;identifier&quot;:&quot;5_41&quot;}\" \/><span class=\"quform-field-icon quform-field-icon-right\"><i class=\"qicon-calendar\"><\/i><\/span><\/div><\/div><\/div><\/div><\/div><div class=\"quform-element quform-element-column quform-element-5_11\"><div class=\"quform-element quform-element-text quform-element-5_23 quform-cf quform-element-required\"><div class=\"quform-spacer\"><div class=\"quform-label quform-label-5_23\"><label class=\"quform-label-text\" for=\"quform_5_23_a5ba9a\">Place<span class=\"quform-required\">*<\/span><\/label><\/div><div class=\"quform-inner quform-inner-text quform-inner-5_23\"><div class=\"quform-input quform-input-text quform-input-5_23 quform-cf\"><input type=\"text\" id=\"quform_5_23_a5ba9a\" name=\"quform_5_23\" class=\"quform-field quform-field-text quform-field-5_23\" \/><\/div><\/div><\/div><\/div><div class=\"quform-element quform-element-text quform-element-5_24 quform-cf quform-element-required\"><div class=\"quform-spacer\"><div class=\"quform-label quform-label-5_24\"><label class=\"quform-label-text\" for=\"quform_5_24_a5ba9a\">Object<span class=\"quform-required\">*<\/span><\/label><\/div><div class=\"quform-inner quform-inner-text quform-inner-5_24\"><div class=\"quform-input quform-input-text quform-input-5_24 quform-cf\"><input type=\"text\" id=\"quform_5_24_a5ba9a\" name=\"quform_5_24\" class=\"quform-field quform-field-text quform-field-5_24\" \/><\/div><\/div><\/div><\/div><\/div><\/div><div class=\"quform-element quform-element-file quform-element-5_29 quform-cf quform-element-required\"><div class=\"quform-spacer\"><div class=\"quform-label quform-label-5_29\"><label class=\"quform-label-text\" for=\"quform_5_29_a5ba9a\">Upload<span class=\"quform-required\">*<\/span><\/label><\/div><div class=\"quform-inner quform-inner-file quform-inner-5_29\"><div class=\"quform-input quform-input-file quform-input-5_29 quform-cf\"><input type=\"file\" id=\"quform_5_29_a5ba9a\" name=\"quform_5_29[]\" class=\"quform-field quform-field-file quform-field-5_29 quform-field-file-enhanced\" data-config=\"{&quot;id&quot;:29,&quot;identifier&quot;:&quot;5_29&quot;,&quot;name&quot;:&quot;quform_5_29&quot;,&quot;max&quot;:1,&quot;size&quot;:10485760,&quot;allowedExtensions&quot;:[&quot;jpg&quot;,&quot;jpeg&quot;,&quot;png&quot;,&quot;gif&quot;,&quot;pdf&quot;],&quot;notAllowedTypeWithFilename&quot;:&quot;File type of &#039;%filename%&#039; is not allowed&quot;,&quot;tooBigWithFilename&quot;:&quot;File &#039;%filename%&#039; exceeds the maximum allowed file size&quot;,&quot;tooMany&quot;:&quot;You cannot upload more than %max% file(s)&quot;,&quot;buttonType&quot;:&quot;button&quot;,&quot;buttonText&quot;:&quot;Browse...&quot;,&quot;buttonIcon&quot;:&quot;qicon-file_upload&quot;,&quot;buttonIconPosition&quot;:&quot;right&quot;}\" \/><\/div><\/div><\/div><\/div><div class=\"quform-element quform-element-group quform-element-5_31 quform-cf quform-group-style-plain\"><div class=\"quform-spacer\"><div class=\"quform-child-elements\"><div class=\"quform-element quform-element-row quform-element-row-5_32 quform-2-columns quform-element-row-size-fixed quform-responsive-columns-phone-landscape\"><div class=\"quform-element quform-element-column quform-element-5_33\"><div class=\"quform-element quform-element-date quform-element-5_30 quform-cf quform-element-required\"><div class=\"quform-spacer\"><div class=\"quform-label quform-label-5_30\"><label class=\"quform-label-text\" for=\"quform_5_30_a5ba9a\">Expected to be unfit for work until:<span class=\"quform-required\">*<\/span><\/label><\/div><div class=\"quform-inner quform-inner-date quform-inner-5_30\"><div class=\"quform-input quform-input-date quform-input-5_30 quform-cf quform-has-field-icon-right\"><input type=\"text\" id=\"quform_5_30_a5ba9a\" name=\"quform_5_30\" class=\"quform-field quform-field-date quform-field-5_30\" placeholder=\"YYYY-MM-DD\" data-options=\"{&quot;format&quot;:&quot;&quot;,&quot;min&quot;:&quot;&quot;,&quot;max&quot;:&quot;&quot;,&quot;start&quot;:&quot;month&quot;,&quot;depth&quot;:&quot;month&quot;,&quot;showFooter&quot;:false,&quot;locale&quot;:&quot;en-US&quot;,&quot;placeholder&quot;:&quot;&quot;,&quot;autoOpen&quot;:true,&quot;identifier&quot;:&quot;5_30&quot;}\" \/><span class=\"quform-field-icon quform-field-icon-right\"><i class=\"qicon-calendar\"><\/i><\/span><\/div><\/div><\/div><\/div><\/div><div class=\"quform-element quform-element-column quform-element-5_34\"><div class=\"quform-element quform-element-date quform-element-5_35 quform-cf quform-element-required\"><div class=\"quform-spacer\"><div class=\"quform-label quform-label-5_35\"><label class=\"quform-label-text\" for=\"quform_5_35_a5ba9a\">Established on:<span class=\"quform-required\">*<\/span><\/label><\/div><div class=\"quform-inner quform-inner-date quform-inner-5_35\"><div class=\"quform-input quform-input-date quform-input-5_35 quform-cf quform-has-field-icon-right\"><input type=\"text\" id=\"quform_5_35_a5ba9a\" name=\"quform_5_35\" class=\"quform-field quform-field-date quform-field-5_35\" placeholder=\"YYYY-MM-DD\" data-options=\"{&quot;format&quot;:&quot;&quot;,&quot;min&quot;:&quot;&quot;,&quot;max&quot;:&quot;&quot;,&quot;start&quot;:&quot;month&quot;,&quot;depth&quot;:&quot;month&quot;,&quot;showFooter&quot;:false,&quot;locale&quot;:&quot;en-US&quot;,&quot;placeholder&quot;:&quot;&quot;,&quot;autoOpen&quot;:true,&quot;identifier&quot;:&quot;5_35&quot;}\" \/><span class=\"quform-field-icon quform-field-icon-right\"><i class=\"qicon-calendar\"><\/i><\/span><\/div><\/div><\/div><\/div><\/div><\/div><\/div><\/div><\/div><\/div><\/div><\/div><div class=\"quform-element quform-element-checkbox quform-element-5_46 quform-cf quform-element-required\"><div class=\"quform-spacer\"><div class=\"quform-label quform-label-5_46\"><label class=\"quform-label-text\" id=\"quform_5_46_a5ba9a_label\">Data protection<span class=\"quform-required\">*<\/span><\/label><\/div><div class=\"quform-inner quform-inner-checkbox quform-inner-5_46\"><div class=\"quform-input quform-input-checkbox quform-input-5_46 quform-cf\"><div class=\"quform-options quform-cf quform-options-block quform-options-simple\" role=\"group\" aria-labelledby=\"quform_5_46_a5ba9a_label\"><div class=\"quform-option\"><input type=\"checkbox\" name=\"quform_5_46[]\" id=\"quform_5_46_a5ba9a_1\" class=\"quform-field quform-field-checkbox quform-field-5_46 quform-field-5_46_1\" value=\"Hiermit best\u00e4tige ich, dass ich die Datenschutzerkl\u00e4rung gelesen und verstanden habe. Meine Daten werden bez\u00fcglich der Belehrung gespeichert.\" \/><label for=\"quform_5_46_a5ba9a_1\" class=\"quform-option-label quform-option-label-5_46_1\"><span class=\"quform-option-text\">I hereby confirm that I have read and understood the privacy policy.\nMy data will be stored with regard to the instruction. <\/span><\/label><\/div><\/div><\/div><\/div><\/div><\/div><div class=\"quform-element quform-element-checkbox quform-element-5_47 quform-cf quform-element-required\"><div class=\"quform-spacer\"><div class=\"quform-label quform-label-5_47\"><label class=\"quform-label-text\" id=\"quform_5_47_a5ba9a_label\">Instruction<span class=\"quform-required\">*<\/span><\/label><\/div><div class=\"quform-inner quform-inner-checkbox quform-inner-5_47\"><div class=\"quform-input quform-input-checkbox quform-input-5_47 quform-cf\"><div class=\"quform-options quform-cf quform-options-block quform-options-simple\" role=\"group\" aria-labelledby=\"quform_5_47_a5ba9a_label\"><div class=\"quform-option\"><input type=\"checkbox\" name=\"quform_5_47[]\" id=\"quform_5_47_a5ba9a_1\" class=\"quform-field quform-field-checkbox quform-field-5_47 quform-field-5_47_1\" value=\"Hiermit best\u00e4tige ich die Belehrung verstanden zu haben und werde mich, den Vorgaben der ExpoAffair Cleaning GmbH entsprechend, danach richten.\" \/><label for=\"quform_5_47_a5ba9a_1\" class=\"quform-option-label quform-option-label-5_47_1\"><span class=\"quform-option-text\">I hereby confirm that I have understood the instructions and will act in accordance with ExpoAffair Cleaning GmbH's instructions.<\/span><\/label><\/div><\/div><\/div><\/div><\/div><\/div><div class=\"quform-element quform-element-submit quform-element-5_48 quform-cf quform-button-style-hollow\"><div class=\"quform-button-submit quform-button-submit-default quform-button-submit-5_48\"><button name=\"quform_submit\" type=\"submit\" class=\"quform-submit\" value=\"submit\"><span class=\"quform-button-text quform-button-submit-text\">Send<\/span><\/button><\/div><div class=\"quform-loading quform-loading-position-left quform-loading-type-spinner-1\"><div class=\"quform-loading-inner\"><div class=\"quform-loading-spinner\"><div class=\"quform-loading-spinner-inner\"><\/div><\/div><\/div><\/div><\/div><div class=\"quform-element-tree\"><label for=\"quform_5_0_a5ba9a\">This field should be left blank<\/label><input type=\"text\" id=\"quform_5_0_a5ba9a\" name=\"quform_5_0\" class=\"quform-field quform-field-tree quform-field-5_0\" tabindex=\"-1\" autocomplete=\"off\" \/><\/div><\/div><\/div><\/div><div class=\"quform-upload-progress-wrap\"><div class=\"quform-upload-progress-bar-wrap\"><div class=\"quform-upload-progress-bar\"><\/div><\/div><div class=\"quform-upload-info quform-cf\"><div class=\"quform-upload-filename\"><\/div><\/div><\/div><\/div><\/form><\/div><\/div>\n\t\t\t\t\t\t<\/div>\n\t\t\t\t<\/div>\n\t\t\t\t\t<\/div>\n\t\t\t\t<\/div>\n\t\t\t\t<\/div>\n\t\t","protected":false},"excerpt":{"rendered":"","protected":false},"author":1,"featured_media":25223,"parent":26752,"menu_order":0,"comment_status":"closed","ping_status":"closed","template":"","meta":{"_acf_changed":false,"footnotes":""},"class_list":["post-26781","page","type-page","status-publish","has-post-thumbnail","hentry"],"acf":[],"publishpress_future_action":{"enabled":false,"date":"2026-04-24 08:38:44","action":"change-status","newStatus":"draft","terms":[],"taxonomy":"translation_priority","extraData":[]},"publishpress_future_workflow_manual_trigger":{"enabledWorkflows":[]},"_links":{"self":[{"href":"https:\/\/expoaffair.de\/en\/wp-json\/wp\/v2\/pages\/26781","targetHints":{"allow":["GET"]}}],"collection":[{"href":"https:\/\/expoaffair.de\/en\/wp-json\/wp\/v2\/pages"}],"about":[{"href":"https:\/\/expoaffair.de\/en\/wp-json\/wp\/v2\/types\/page"}],"author":[{"embeddable":true,"href":"https:\/\/expoaffair.de\/en\/wp-json\/wp\/v2\/users\/1"}],"replies":[{"embeddable":true,"href":"https:\/\/expoaffair.de\/en\/wp-json\/wp\/v2\/comments?post=26781"}],"version-history":[{"count":1,"href":"https:\/\/expoaffair.de\/en\/wp-json\/wp\/v2\/pages\/26781\/revisions"}],"predecessor-version":[{"id":26783,"href":"https:\/\/expoaffair.de\/en\/wp-json\/wp\/v2\/pages\/26781\/revisions\/26783"}],"up":[{"embeddable":true,"href":"https:\/\/expoaffair.de\/en\/wp-json\/wp\/v2\/pages\/26752"}],"wp:featuredmedia":[{"embeddable":true,"href":"https:\/\/expoaffair.de\/en\/wp-json\/wp\/v2\/media\/25223"}],"wp:attachment":[{"href":"https:\/\/expoaffair.de\/en\/wp-json\/wp\/v2\/media?parent=26781"}],"curies":[{"name":"wp","href":"https:\/\/api.w.org\/{rel}","templated":true}]}}